{"id":191,"date":"2021-01-09T19:43:08","date_gmt":"2021-01-09T19:43:08","guid":{"rendered":"http:\/\/museum-inside-out.com\/?page_id=191"},"modified":"2021-01-09T19:43:08","modified_gmt":"2021-01-09T19:43:08","slug":"asli-and-karam","status":"publish","type":"page","link":"http:\/\/museum-inside-out.com\/index.php\/asli-and-karam\/","title":{"rendered":"Asli and Karam"},"content":{"rendered":"\n<p><br><br><br>Asli and Karam Opera Poster<br><a href=\"https:\/\/en.wikipedia.org\/wiki\/Kerem_and_Asl%C4%B1#\/media\/File:Asli_and_Karam_poster.jpg\">https:\/\/en.wikipedia.org\/wiki\/Kerem_and_Asl%C4%B1#\/media\/File:Asli_and_Karam_poster.jpg<\/a><\/p>\n\n\n\n<figure class=\"wp-block-embed is-type-video is-provider-youtube wp-block-embed-youtube wp-embed-aspect-4-3 wp-has-aspect-ratio\"><div class=\"wp-block-embed__wrapper\">\n<iframe loading=\"lazy\" title=\"\u00dczeyir Hac\u0131b\u0259yov \u2014 &quot;\u018fsli v\u0259 K\u0259r\u0259m&quot; operas\u0131 | 23.01.2013\" width=\"620\" height=\"465\" src=\"https:\/\/www.youtube.com\/embed\/GP7UZzxgR1I?start=466&#038;feature=oembed\" frameborder=\"0\" allow=\"accelerometer; autoplay; clipboard-write; encrypted-media; gyroscope; picture-in-picture; web-share\" referrerpolicy=\"strict-origin-when-cross-origin\" allowfullscreen><\/iframe>\n<\/div><\/figure>\n\n\n\n<p><\/p>\n\n\n\n<p class=\"has-text-align-center\"><br><strong>*****<\/strong><\/p>\n\n\n\n<p>Asli ile Kerem &#8211; Turkish Film <br>Kerem ile Asl\u0131 | Fatma Girik Kadir \u0130nan\u0131r Eski T\u00fcrk Filmi Full \u0130zle<\/p>\n\n\n\n<figure class=\"wp-block-embed is-type-video is-provider-youtube wp-block-embed-youtube wp-embed-aspect-16-9 wp-has-aspect-ratio\"><div class=\"wp-block-embed__wrapper\">\nhttps:\/\/www.youtube.com\/watch?v=0VZDklYukzM\n<\/div><\/figure>\n\n\n\n<p><\/p>\n\n\n\n<p><\/p>\n\n\n\n<p class=\"has-text-align-center\"><strong>*****<\/strong><br>Asli and Karam by the late Mohammad Hosain Kiani, Qashqai singer<br>\u0632\u0646\u062f\u0647 \u06cc\u0627\u062f \u0645\u062d\u0645\u062f \u062d\u0633\u06cc\u0646 \u06a9\u06cc\u0627\u0646\u06cc<\/p>\n\n\n\n<figure class=\"wp-block-embed is-type-video is-provider-youtube wp-block-embed-youtube wp-embed-aspect-4-3 wp-has-aspect-ratio\"><div class=\"wp-block-embed__wrapper\">\n<iframe loading=\"lazy\" title=\"ghashghai-Qashqai-karam asli.\u0642\u0634\u0642\u0627\u06cc\u06cc\" width=\"620\" height=\"465\" src=\"https:\/\/www.youtube.com\/embed\/o47-QoKZbl0?feature=oembed\" frameborder=\"0\" allow=\"accelerometer; autoplay; clipboard-write; encrypted-media; gyroscope; picture-in-picture; web-share\" referrerpolicy=\"strict-origin-when-cross-origin\" allowfullscreen><\/iframe>\n<\/div><\/figure>\n\n\n","protected":false},"excerpt":{"rendered":"<p>Asli and Karam Opera Posterhttps:\/\/en.wikipedia.org\/wiki\/Kerem_and_Asl%C4%B1#\/media\/File:Asli_and_Karam_poster.jpg ***** Asli ile Kerem &#8211; Turkish Film Kerem ile Asl\u0131 | Fatma Girik Kadir \u0130nan\u0131r Eski T\u00fcrk Filmi Full \u0130zle *****Asli and Karam by the late Mohammad Hosain Kiani, Qashqai singer\u0632\u0646\u062f\u0647 \u06cc\u0627\u062f \u0645\u062d\u0645\u062f \u062d\u0633\u06cc\u0646 \u06a9\u06cc\u0627\u0646\u06cc<\/p>\n","protected":false},"author":1,"featured_media":0,"parent":0,"menu_order":0,"comment_status":"closed","ping_status":"closed","template":"","meta":{"footnotes":""},"class_list":["post-191","page","type-page","status-publish","hentry"],"_links":{"self":[{"href":"http:\/\/museum-inside-out.com\/index.php\/wp-json\/wp\/v2\/pages\/191","targetHints":{"allow":["GET"]}}],"collection":[{"href":"http:\/\/museum-inside-out.com\/index.php\/wp-json\/wp\/v2\/pages"}],"about":[{"href":"http:\/\/museum-inside-out.com\/index.php\/wp-json\/wp\/v2\/types\/page"}],"author":[{"embeddable":true,"href":"http:\/\/museum-inside-out.com\/index.php\/wp-json\/wp\/v2\/users\/1"}],"replies":[{"embeddable":true,"href":"http:\/\/museum-inside-out.com\/index.php\/wp-json\/wp\/v2\/comments?post=191"}],"version-history":[{"count":1,"href":"http:\/\/museum-inside-out.com\/index.php\/wp-json\/wp\/v2\/pages\/191\/revisions"}],"predecessor-version":[{"id":192,"href":"http:\/\/museum-inside-out.com\/index.php\/wp-json\/wp\/v2\/pages\/191\/revisions\/192"}],"wp:attachment":[{"href":"http:\/\/museum-inside-out.com\/index.php\/wp-json\/wp\/v2\/media?parent=191"}],"curies":[{"name":"wp","href":"https:\/\/api.w.org\/{rel}","templated":true}]}}