{"id":293,"date":"2021-01-11T02:23:28","date_gmt":"2021-01-11T02:23:28","guid":{"rendered":"http:\/\/museum-inside-out.com\/?page_id=293"},"modified":"2021-01-11T02:27:53","modified_gmt":"2021-01-11T02:27:53","slug":"dede-korkut","status":"publish","type":"page","link":"http:\/\/museum-inside-out.com\/index.php\/dede-korkut\/","title":{"rendered":"Dede Korkut"},"content":{"rendered":"\n<p>\u0639\u0627\u0634\u06cc\u0642 \u0633\u0644\u062c\u0648\u0642 \u0634\u0647\u0628\u0627\u0632\u06cc \u0622\u0630\u0631\u0628\u0627\u06cc\u062c\u0627\u0646 \u0639\u0627\u0634\u06cc\u0642\u0644\u0627\u0631\u06cc \u062f\u062f\u0647 \u0642\u0648\u0631\u0642\u0648\u062f \u062f\u0627\u0633\u062a\u0627\u0646\u06cc \u062f\u06cc\u0631\u0633\u0647 \u062e\u0627\u0646 \u0627\u0648\u063a\u0644\u0648 \u0628\u0648\u063a\u0627\u062c- <br>Ashiq Shahbazi &#8211; A\u015f\u0131q S\u0259lcuq \u015e\u0259hbazi. D\u0259d\u0259 Qorqud Dirs\u0259 Xan<\/p>\n\n\n\n<figure class=\"wp-block-embed is-type-video is-provider-youtube wp-block-embed-youtube wp-embed-aspect-4-3 wp-has-aspect-ratio\"><div class=\"wp-block-embed__wrapper\">\n<iframe loading=\"lazy\" title=\"\u0639\u0627\u0634\u06cc\u0642 \u0633\u0644\u062c\u0648\u0642 \u0634\u0647\u0628\u0627\u0632\u06cc \u0622\u0630\u0631\u0628\u0627\u06cc\u062c\u0627\u0646 \u0639\u0627\u0634\u06cc\u0642\u0644\u0627\u0631\u06cc- ( \u06f1 ) Ashiq Shahbazi - A\u015f\u0131q S\u0259lcuq \u015e\u0259hbazi.\" width=\"620\" height=\"465\" src=\"https:\/\/www.youtube.com\/embed\/mAYYXWd2BPE?start=398&#038;feature=oembed\" frameborder=\"0\" allow=\"accelerometer; autoplay; clipboard-write; encrypted-media; gyroscope; picture-in-picture; web-share\" referrerpolicy=\"strict-origin-when-cross-origin\" allowfullscreen><\/iframe>\n<\/div><\/figure>\n\n\n\n<p>SUBSCRIBE\u062f\u062f\u0647 \u0642\u0648\u0631\u0642\u0648\u062f \u062f\u0627\u0633\u062a\u0627\u0646\u06cc (\u062f\u06cc\u0631\u0633\u0647 \u062e\u0627\u0646 \u0627\u0648\u063a\u0644\u0648 \u0628\u0648\u063a\u0627\u062c) (\u06f2) \u062f\u0627\u0633\u062a\u0627\u0646\u06cc \u062f\u0627\u0646\u06cc\u0634\u0627\u0646 \u0639\u0627\u0634\u06cc\u0642 \u0633\u0644\u062c\u0648\u0642 \u0634\u0647\u0628\u0627\u0632\u06cc. D\u0259d\u0259 Qurqud dastan\u0131(Dirs\u0259xan o\u011flu Bo\u011fac) (2) dastan\u0131 dan\u0131\u015fan A\u015f\u0131q S\u0259lcuq \u015e\u0259hbazi<\/p>\n\n\n\n<figure class=\"wp-block-embed is-type-video is-provider-youtube wp-block-embed-youtube wp-embed-aspect-4-3 wp-has-aspect-ratio\"><div class=\"wp-block-embed__wrapper\">\n<iframe loading=\"lazy\" title=\"\u0639\u0627\u0634\u06cc\u0642 \u0633\u0644\u062c\u0648\u0642 \u0634\u0647\u0628\u0627\u0632\u06cc \u0622\u0630\u0631\u0628\u0627\u06cc\u062c\u0627\u0646 \u0639\u0627\u0634\u06cc\u0642\u0644\u0627\u0631\u06cc-  ( \u06f2 ) Ashiq Shahbazi - A\u015f\u0131q S\u0259lcuq \u015e\u0259hbazi.\" width=\"620\" height=\"465\" src=\"https:\/\/www.youtube.com\/embed\/36v_DK0m5bQ?feature=oembed\" frameborder=\"0\" allow=\"accelerometer; autoplay; clipboard-write; encrypted-media; gyroscope; picture-in-picture; web-share\" referrerpolicy=\"strict-origin-when-cross-origin\" allowfullscreen><\/iframe>\n<\/div><figcaption><br><br>D\u0259d\u0259 Qorqud dastan\u0131 (Dirs\u0259xano\u011flu Bo\u011fac) ( 3 ) cu hiss\u0259 dastan\u0131 muasir a\u015f\u0131q \u0259d\u0259biyat\u0131na haz\u0131rl\u0131yan A\u015f\u0131q S\u0259lcuq \u015e\u0259hbazi \u062f\u062f\u0647 \u0642\u0648\u0631\u0642\u0648\u062f \u062f\u0627\u0633\u062a\u0627\u0646\u06cc (\u062f\u06cc\u0631\u0633\u0647 \u062e\u0627\u0646 \u0627\u0648\u063a\u0644\u0648 \u0628\u0648\u063a\u0627\u062c) ( \u06f3 ) \u062d\u06cc\u0633\u0647. \u062f\u0627\u0633\u062a\u0627\u0646\u06cc \u0645\u0639\u0627\u0635\u0631 \u0639\u0627\u0634\u06cc\u0642 \u0627\u062f\u0628\u06cc\u0627\u062a\u06cc\u0646\u0627 \u062d\u0627\u0636\u06cc\u0631\u0644\u06cc\u0627\u0646 \u0639\u0627\u0634\u06cc\u0642 \u0633\u0644\u062c\u0648\u0642 \u0634\u0647\u0628\u0627\u0632\u06cc<\/figcaption><\/figure>\n\n\n\n<figure class=\"wp-block-embed is-type-video is-provider-youtube wp-block-embed-youtube wp-embed-aspect-4-3 wp-has-aspect-ratio\"><div class=\"wp-block-embed__wrapper\">\n<iframe loading=\"lazy\" title=\"\u0639\u0627\u0634\u06cc\u0642 \u0633\u0644\u062c\u0648\u0642 \u0634\u0647\u0628\u0627\u0632\u06cc \u0622\u0630\u0631\u0628\u0627\u06cc\u062c\u0627\u0646 \u0639\u0627\u0634\u06cc\u0642\u0644\u0627\u0631\u06cc- ( \u06f3 ) Ashiq Shahbazi - A\u015f\u0131q S\u0259lcuq \u015e\u0259hbazi.\" width=\"620\" height=\"465\" src=\"https:\/\/www.youtube.com\/embed\/60HMLMMdH3k?start=10&#038;feature=oembed\" frameborder=\"0\" allow=\"accelerometer; autoplay; clipboard-write; encrypted-media; gyroscope; picture-in-picture; web-share\" referrerpolicy=\"strict-origin-when-cross-origin\" allowfullscreen><\/iframe>\n<\/div><\/figure>\n\n\n\n<p class=\"has-text-align-center\"><strong>*****<\/strong><\/p>\n","protected":false},"excerpt":{"rendered":"<p>\u0639\u0627\u0634\u06cc\u0642 \u0633\u0644\u062c\u0648\u0642 \u0634\u0647\u0628\u0627\u0632\u06cc \u0622\u0630\u0631\u0628\u0627\u06cc\u062c\u0627\u0646 \u0639\u0627\u0634\u06cc\u0642\u0644\u0627\u0631\u06cc \u062f\u062f\u0647 \u0642\u0648\u0631\u0642\u0648\u062f \u062f\u0627\u0633\u062a\u0627\u0646\u06cc \u062f\u06cc\u0631\u0633\u0647 \u062e\u0627\u0646 \u0627\u0648\u063a\u0644\u0648 \u0628\u0648\u063a\u0627\u062c- Ashiq Shahbazi &#8211; A\u015f\u0131q S\u0259lcuq \u015e\u0259hbazi. D\u0259d\u0259 Qorqud Dirs\u0259 Xan SUBSCRIBE\u062f\u062f\u0647 \u0642\u0648\u0631\u0642\u0648\u062f \u062f\u0627\u0633\u062a\u0627\u0646\u06cc (\u062f\u06cc\u0631\u0633\u0647 \u062e\u0627\u0646 \u0627\u0648\u063a\u0644\u0648 \u0628\u0648\u063a\u0627\u062c) (\u06f2) \u062f\u0627\u0633\u062a\u0627\u0646\u06cc \u062f\u0627\u0646\u06cc\u0634\u0627\u0646 \u0639\u0627\u0634\u06cc\u0642 \u0633\u0644\u062c\u0648\u0642 \u0634\u0647\u0628\u0627\u0632\u06cc. D\u0259d\u0259 Qurqud dastan\u0131(Dirs\u0259xan o\u011flu Bo\u011fac) (2) dastan\u0131 dan\u0131\u015fan A\u015f\u0131q S\u0259lcuq \u015e\u0259hbazi *****<\/p>\n","protected":false},"author":1,"featured_media":0,"parent":0,"menu_order":0,"comment_status":"closed","ping_status":"closed","template":"","meta":{"footnotes":""},"class_list":["post-293","page","type-page","status-publish","hentry"],"_links":{"self":[{"href":"http:\/\/museum-inside-out.com\/index.php\/wp-json\/wp\/v2\/pages\/293","targetHints":{"allow":["GET"]}}],"collection":[{"href":"http:\/\/museum-inside-out.com\/index.php\/wp-json\/wp\/v2\/pages"}],"about":[{"href":"http:\/\/museum-inside-out.com\/index.php\/wp-json\/wp\/v2\/types\/page"}],"author":[{"embeddable":true,"href":"http:\/\/museum-inside-out.com\/index.php\/wp-json\/wp\/v2\/users\/1"}],"replies":[{"embeddable":true,"href":"http:\/\/museum-inside-out.com\/index.php\/wp-json\/wp\/v2\/comments?post=293"}],"version-history":[{"count":4,"href":"http:\/\/museum-inside-out.com\/index.php\/wp-json\/wp\/v2\/pages\/293\/revisions"}],"predecessor-version":[{"id":297,"href":"http:\/\/museum-inside-out.com\/index.php\/wp-json\/wp\/v2\/pages\/293\/revisions\/297"}],"wp:attachment":[{"href":"http:\/\/museum-inside-out.com\/index.php\/wp-json\/wp\/v2\/media?parent=293"}],"curies":[{"name":"wp","href":"https:\/\/api.w.org\/{rel}","templated":true}]}}