{"id":102,"date":"2020-12-24T21:50:31","date_gmt":"2020-12-24T21:50:31","guid":{"rendered":"http:\/\/museum-inside-out.com\/?page_id=102"},"modified":"2021-01-12T16:38:14","modified_gmt":"2021-01-12T16:38:14","slug":"deyisme","status":"publish","type":"page","link":"https:\/\/museum-inside-out.com\/index.php\/deyisme\/","title":{"rendered":"Deyi\u015fme"},"content":{"rendered":"\n<figure class=\"wp-block-embed is-type-video is-provider-youtube wp-block-embed-youtube wp-embed-aspect-4-3 wp-has-aspect-ratio\"><div class=\"wp-block-embed__wrapper\">\n<iframe loading=\"lazy\" title=\"A\u015f\u0131q \u018fmrah il\u0259 a\u015f\u0131q Kamandar\u0131n deyi\u015fm\u0259si\" width=\"620\" height=\"465\" src=\"https:\/\/www.youtube.com\/embed\/i2wZeTC-5UQ?feature=oembed\" frameborder=\"0\" allow=\"accelerometer; autoplay; clipboard-write; encrypted-media; gyroscope; picture-in-picture; web-share\" referrerpolicy=\"strict-origin-when-cross-origin\" allowfullscreen><\/iframe>\n<\/div><\/figure>\n\n\n\n<p class=\"has-text-align-center\"><strong>*****<\/strong><\/p>\n\n\n\n<figure class=\"wp-block-embed is-type-video is-provider-youtube wp-block-embed-youtube wp-embed-aspect-4-3 wp-has-aspect-ratio\"><div class=\"wp-block-embed__wrapper\">\n<iframe loading=\"lazy\" title=\"A\u015f\u0131q Qaracan Bor\u00e7al\u0131   A\u015f\u0131q Samire Elq\u0131z\u0131   Deyi\u015fme 1\" width=\"620\" height=\"465\" src=\"https:\/\/www.youtube.com\/embed\/atncmvg5jHc?feature=oembed\" frameborder=\"0\" allow=\"accelerometer; autoplay; clipboard-write; encrypted-media; gyroscope; picture-in-picture; web-share\" referrerpolicy=\"strict-origin-when-cross-origin\" allowfullscreen><\/iframe>\n<\/div><\/figure>\n\n\n\n<p>A\u015f\u0131q Qaracan Bor\u00e7al\u0131 A\u015f\u0131q Samire Elq\u0131z\u0131 Deyi\u015fme 1<\/p>\n\n\n\n<figure class=\"wp-block-embed is-type-video is-provider-youtube wp-block-embed-youtube wp-embed-aspect-4-3 wp-has-aspect-ratio\"><div class=\"wp-block-embed__wrapper\">\n<iframe loading=\"lazy\" title=\"A\u015f\u0131q Qaracan Bor\u00e7al\u0131   A\u015f\u0131q Samire Elq\u0131z\u0131   Deyi\u015fme 2\" width=\"620\" height=\"465\" src=\"https:\/\/www.youtube.com\/embed\/IIz4EqP1nRY?feature=oembed\" frameborder=\"0\" allow=\"accelerometer; autoplay; clipboard-write; encrypted-media; gyroscope; picture-in-picture; web-share\" referrerpolicy=\"strict-origin-when-cross-origin\" allowfullscreen><\/iframe>\n<\/div><\/figure>\n\n\n\n<p>A\u015f\u0131q Qaracan Bor\u00e7al\u0131 A\u015f\u0131q Samire Elq\u0131z\u0131 Deyi\u015fme 2<\/p>\n\n\n\n<p class=\"has-text-align-center\"><strong>*****<\/strong><\/p>\n\n\n\n<figure class=\"wp-block-embed is-type-video is-provider-youtube wp-block-embed-youtube wp-embed-aspect-16-9 wp-has-aspect-ratio\"><div class=\"wp-block-embed__wrapper\">\n<iframe loading=\"lazy\" title=\"A\u015f\u0131q Qara BOR\u00c7ALI  A\u015f\u0131q D\u0259rya M\u0259rdanzad\u0259 b\u0259dah\u0259t\u0259n deyi\u015fm\u0259\" width=\"620\" height=\"349\" src=\"https:\/\/www.youtube.com\/embed\/SQguAAMliFY?feature=oembed\" frameborder=\"0\" allow=\"accelerometer; autoplay; clipboard-write; encrypted-media; gyroscope; picture-in-picture; web-share\" referrerpolicy=\"strict-origin-when-cross-origin\" allowfullscreen><\/iframe>\n<\/div><\/figure>\n\n\n\n<p>A\u015f\u0131q Qara BOR\u00c7ALI A\u015f\u0131q D\u0259rya M\u0259rdanzad\u0259 b\u0259dah\u0259t\u0259n deyi\u015fm\u0259<\/p>\n\n\n\n<p class=\"has-text-align-center\"><strong>*****<\/strong><\/p>\n\n\n\n<p>Asiq Murad Niyazli Asiq Ulduz Sonmez, &#8220;Deyisme&#8221;<\/p>\n\n\n\n<figure class=\"wp-block-embed is-type-video is-provider-youtube wp-block-embed-youtube wp-embed-aspect-16-9 wp-has-aspect-ratio\"><div class=\"wp-block-embed__wrapper\">\nhttps:\/\/www.youtube.com\/watch?v=TPoqQa_JqtY&#038;t=4s\n<\/div><\/figure>\n","protected":false},"excerpt":{"rendered":"<p>***** A\u015f\u0131q Qaracan Bor\u00e7al\u0131 A\u015f\u0131q Samire Elq\u0131z\u0131 Deyi\u015fme 1 A\u015f\u0131q Qaracan Bor\u00e7al\u0131 A\u015f\u0131q Samire Elq\u0131z\u0131 Deyi\u015fme 2 ***** A\u015f\u0131q Qara BOR\u00c7ALI A\u015f\u0131q D\u0259rya M\u0259rdanzad\u0259 b\u0259dah\u0259t\u0259n deyi\u015fm\u0259 ***** Asiq Murad Niyazli Asiq Ulduz Sonmez, &#8220;Deyisme&#8221;<\/p>\n","protected":false},"author":1,"featured_media":0,"parent":0,"menu_order":0,"comment_status":"closed","ping_status":"closed","template":"","meta":{"footnotes":""},"class_list":["post-102","page","type-page","status-publish","hentry"],"_links":{"self":[{"href":"https:\/\/museum-inside-out.com\/index.php\/wp-json\/wp\/v2\/pages\/102","targetHints":{"allow":["GET"]}}],"collection":[{"href":"https:\/\/museum-inside-out.com\/index.php\/wp-json\/wp\/v2\/pages"}],"about":[{"href":"https:\/\/museum-inside-out.com\/index.php\/wp-json\/wp\/v2\/types\/page"}],"author":[{"embeddable":true,"href":"https:\/\/museum-inside-out.com\/index.php\/wp-json\/wp\/v2\/users\/1"}],"replies":[{"embeddable":true,"href":"https:\/\/museum-inside-out.com\/index.php\/wp-json\/wp\/v2\/comments?post=102"}],"version-history":[{"count":8,"href":"https:\/\/museum-inside-out.com\/index.php\/wp-json\/wp\/v2\/pages\/102\/revisions"}],"predecessor-version":[{"id":342,"href":"https:\/\/museum-inside-out.com\/index.php\/wp-json\/wp\/v2\/pages\/102\/revisions\/342"}],"wp:attachment":[{"href":"https:\/\/museum-inside-out.com\/index.php\/wp-json\/wp\/v2\/media?parent=102"}],"curies":[{"name":"wp","href":"https:\/\/api.w.org\/{rel}","templated":true}]}}