{"id":249,"date":"2021-01-10T21:58:25","date_gmt":"2021-01-10T21:58:25","guid":{"rendered":"http:\/\/museum-inside-out.com\/?page_id=249"},"modified":"2021-01-11T16:37:50","modified_gmt":"2021-01-11T16:37:50","slug":"ashiq-qarib","status":"publish","type":"page","link":"https:\/\/museum-inside-out.com\/index.php\/ashiq-qarib\/","title":{"rendered":"Ashiq Qarib"},"content":{"rendered":"\n<p><\/p>\n\n\n\n<p><\/p>\n\n\n\n<p><\/p>\n\n\n\n<p>Ashiq Kamandar-&#8220;A\u015f\u0131q Q\u0259rib&#8221;dastan\u0131<\/p>\n\n\n\n<figure class=\"wp-block-embed is-type-video is-provider-youtube wp-block-embed-youtube wp-embed-aspect-4-3 wp-has-aspect-ratio\"><div class=\"wp-block-embed__wrapper\">\n<iframe loading=\"lazy\" title=\"A\u015f\u0131q Kamandar-&quot;A\u015f\u0131q Q\u0259rib&quot;dastan\u0131\" width=\"620\" height=\"465\" src=\"https:\/\/www.youtube.com\/embed\/PAVJIjjf5Ks?feature=oembed\" frameborder=\"0\" allow=\"accelerometer; autoplay; clipboard-write; encrypted-media; gyroscope; picture-in-picture; web-share\" referrerpolicy=\"strict-origin-when-cross-origin\" allowfullscreen><\/iframe>\n<\/div><\/figure>\n\n\n\n<p><\/p>\n\n\n\n<p class=\"has-text-align-center\">*****<\/p>\n\n\n\n<figure class=\"wp-block-embed is-type-video is-provider-youtube wp-block-embed-youtube wp-embed-aspect-16-9 wp-has-aspect-ratio\"><div class=\"wp-block-embed__wrapper\">\n<iframe loading=\"lazy\" title=\"A\u015f\u0131q Q\u0259rib. Az\u0259rbaycan m\u0259h\u0259bb\u0259t dastan\u0131 (Film, 2014)\" width=\"620\" height=\"349\" src=\"https:\/\/www.youtube.com\/embed\/_V3PQrN6kA4?start=1984&#038;feature=oembed\" frameborder=\"0\" allow=\"accelerometer; autoplay; clipboard-write; encrypted-media; gyroscope; picture-in-picture; web-share\" referrerpolicy=\"strict-origin-when-cross-origin\" allowfullscreen><\/iframe>\n<\/div><\/figure>\n\n\n\n<p><\/p>\n\n\n\n<p class=\"has-text-align-center\"><strong>*****<\/strong><\/p>\n\n\n\n\n\n<p>Ashiq Qerib Opera &#8211; Recorded<\/p>\n\n\n\n<figure class=\"wp-block-embed is-type-video is-provider-youtube wp-block-embed-youtube wp-embed-aspect-4-3 wp-has-aspect-ratio\"><div class=\"wp-block-embed__wrapper\">\n<iframe loading=\"lazy\" title=\"Z\u00fclf\u00fcqar Hac\u0131b\u0259yov \u2014 &quot;A\u015f\u0131q Q\u0259rib&quot; (Opera)\" width=\"620\" height=\"465\" src=\"https:\/\/www.youtube.com\/embed\/lkkrB0nWyNY?feature=oembed\" frameborder=\"0\" allow=\"accelerometer; autoplay; clipboard-write; encrypted-media; gyroscope; picture-in-picture; web-share\" referrerpolicy=\"strict-origin-when-cross-origin\" allowfullscreen><\/iframe>\n<\/div><\/figure>\n\n\n\n<p><\/p>\n\n\n\n<p class=\"has-text-align-center\">*****<\/p>\n\n\n\n<p>Z\u00fclf\u00fcqar Hac\u0131b\u0259yov \u2014 &#8220;A\u015f\u0131q Q\u0259rib&#8221; operas\u0131 (S\u0259buhi \u0130bayev v\u0259 G\u00fclyaz M\u0259mm\u0259dova) <br> <\/p>\n\n\n\n<figure class=\"wp-block-embed is-type-video is-provider-youtube wp-block-embed-youtube wp-embed-aspect-4-3 wp-has-aspect-ratio\"><div class=\"wp-block-embed__wrapper\">\n<iframe loading=\"lazy\" title=\"Z\u00fclf\u00fcqar Hac\u0131b\u0259yov \u2014 &quot;A\u015f\u0131q Q\u0259rib&quot; operas\u0131 (S\u0259buhi \u0130bayev v\u0259 G\u00fclyaz M\u0259mm\u0259dova)\" width=\"620\" height=\"465\" src=\"https:\/\/www.youtube.com\/embed\/PYlX7ZCdi5g?feature=oembed\" frameborder=\"0\" allow=\"accelerometer; autoplay; clipboard-write; encrypted-media; gyroscope; picture-in-picture; web-share\" referrerpolicy=\"strict-origin-when-cross-origin\" allowfullscreen><\/iframe>\n<\/div><\/figure>\n\n\n\n<p class=\"has-text-align-center\">*****<\/p>\n\n\n\n<p>A\u015f\u0131q Q\u0259rib&#8221; &#8211; 1988 (Ashik Kerib) Sergei Parajanov<\/p>\n\n\n\n<figure class=\"wp-block-embed is-type-video is-provider-youtube wp-block-embed-youtube wp-embed-aspect-16-9 wp-has-aspect-ratio\"><div class=\"wp-block-embed__wrapper\">\n<iframe loading=\"lazy\" title=\"&quot;A\u015f\u0131q Q\u0259rib&quot;  - 1988  (Ashik Kerib)  Sergei Parajanov\" width=\"620\" height=\"349\" src=\"https:\/\/www.youtube.com\/embed\/1E7R_zqgRcI?feature=oembed\" frameborder=\"0\" allow=\"accelerometer; autoplay; clipboard-write; encrypted-media; gyroscope; picture-in-picture; web-share\" referrerpolicy=\"strict-origin-when-cross-origin\" allowfullscreen><\/iframe>\n<\/div><\/figure>\n\n\n\n<p><\/p>\n","protected":false},"excerpt":{"rendered":"<p>Ashiq Kamandar-&#8220;A\u015f\u0131q Q\u0259rib&#8221;dastan\u0131 ***** ***** Ashiq Qerib Opera &#8211; Recorded ***** Z\u00fclf\u00fcqar Hac\u0131b\u0259yov \u2014 &#8220;A\u015f\u0131q Q\u0259rib&#8221; operas\u0131 (S\u0259buhi \u0130bayev v\u0259 G\u00fclyaz M\u0259mm\u0259dova) ***** A\u015f\u0131q Q\u0259rib&#8221; &#8211; 1988 (Ashik Kerib) Sergei Parajanov<\/p>\n","protected":false},"author":1,"featured_media":0,"parent":0,"menu_order":0,"comment_status":"closed","ping_status":"closed","template":"","meta":{"footnotes":""},"class_list":["post-249","page","type-page","status-publish","hentry"],"_links":{"self":[{"href":"https:\/\/museum-inside-out.com\/index.php\/wp-json\/wp\/v2\/pages\/249","targetHints":{"allow":["GET"]}}],"collection":[{"href":"https:\/\/museum-inside-out.com\/index.php\/wp-json\/wp\/v2\/pages"}],"about":[{"href":"https:\/\/museum-inside-out.com\/index.php\/wp-json\/wp\/v2\/types\/page"}],"author":[{"embeddable":true,"href":"https:\/\/museum-inside-out.com\/index.php\/wp-json\/wp\/v2\/users\/1"}],"replies":[{"embeddable":true,"href":"https:\/\/museum-inside-out.com\/index.php\/wp-json\/wp\/v2\/comments?post=249"}],"version-history":[{"count":7,"href":"https:\/\/museum-inside-out.com\/index.php\/wp-json\/wp\/v2\/pages\/249\/revisions"}],"predecessor-version":[{"id":314,"href":"https:\/\/museum-inside-out.com\/index.php\/wp-json\/wp\/v2\/pages\/249\/revisions\/314"}],"wp:attachment":[{"href":"https:\/\/museum-inside-out.com\/index.php\/wp-json\/wp\/v2\/media?parent=249"}],"curies":[{"name":"wp","href":"https:\/\/api.w.org\/{rel}","templated":true}]}}