{"id":315,"date":"2021-01-11T18:28:29","date_gmt":"2021-01-11T18:28:29","guid":{"rendered":"http:\/\/museum-inside-out.com\/?page_id=315"},"modified":"2021-01-30T21:22:40","modified_gmt":"2021-01-30T21:22:40","slug":"weddings","status":"publish","type":"page","link":"https:\/\/museum-inside-out.com\/index.php\/weddings\/","title":{"rendered":"Weddings"},"content":{"rendered":"\n<p><br><\/p>\n\n\n\n<p class=\"has-text-align-center\"><br><br><br><br><br><strong>*****<\/strong><\/p>\n\n\n\n<p><\/p>\n\n\n\n<p>Asiq Kamandar Mirzecani (Xan\u00e7oban\u0131) &#8211; 1997<\/p>\n\n\n\n<figure class=\"wp-block-embed is-type-video is-provider-youtube wp-block-embed-youtube wp-embed-aspect-4-3 wp-has-aspect-ratio\"><div class=\"wp-block-embed__wrapper\">\n<iframe loading=\"lazy\" title=\"Asiq Kamandar   Mirzecani(Xan\u00e7oban\u0131)\" width=\"620\" height=\"465\" src=\"https:\/\/www.youtube.com\/embed\/tV1eZ3NzN5g?feature=oembed\" frameborder=\"0\" allow=\"accelerometer; autoplay; clipboard-write; encrypted-media; gyroscope; picture-in-picture; web-share\" referrerpolicy=\"strict-origin-when-cross-origin\" allowfullscreen><\/iframe>\n<\/div><\/figure>\n\n\n\n<p><\/p>\n\n\n\n<p class=\"has-text-align-center\"><strong>*****<\/strong><\/p>\n\n\n\n<p>Ashiq Qurbani Dastani <\/p>\n\n\n\n<figure class=\"wp-block-embed is-type-video is-provider-youtube wp-block-embed-youtube wp-embed-aspect-4-3 wp-has-aspect-ratio\"><div class=\"wp-block-embed__wrapper\">\n<iframe loading=\"lazy\" title=\"Qurbani. Xan Kamandar.\" width=\"620\" height=\"465\" src=\"https:\/\/www.youtube.com\/embed\/5WcthzRU_q4?feature=oembed\" frameborder=\"0\" allow=\"accelerometer; autoplay; clipboard-write; encrypted-media; gyroscope; picture-in-picture; web-share\" referrerpolicy=\"strict-origin-when-cross-origin\" allowfullscreen><\/iframe>\n<\/div><\/figure>\n\n\n\n<p class=\"has-text-align-center\"><br><strong> *****<\/strong><\/p>\n\n\n\n<figure class=\"wp-block-embed is-type-video is-provider-youtube wp-block-embed-youtube wp-embed-aspect-4-3 wp-has-aspect-ratio\"><div class=\"wp-block-embed__wrapper\">\n<iframe loading=\"lazy\" title=\"\u015eahsev\u0259ni, Mina G\u0259rayl\u0131 v\u0259 Ov\u015far\u0131. Xan Kamandar v\u0259 Z\u0259limxan Yaqub.\" width=\"620\" height=\"465\" src=\"https:\/\/www.youtube.com\/embed\/S0zjtw8Tzfw?start=339&#038;feature=oembed\" frameborder=\"0\" allow=\"accelerometer; autoplay; clipboard-write; encrypted-media; gyroscope; picture-in-picture; web-share\" referrerpolicy=\"strict-origin-when-cross-origin\" allowfullscreen><\/iframe>\n<\/div><\/figure>\n\n\n\n<p><\/p>\n\n\n\n<p><\/p>\n\n\n\n<p><\/p>\n\n\n\n<p class=\"has-text-align-center\"><strong>*****<\/strong><\/p>\n\n\n\n<figure class=\"wp-block-embed is-type-video is-provider-youtube wp-block-embed-youtube wp-embed-aspect-4-3 wp-has-aspect-ratio\"><div class=\"wp-block-embed__wrapper\">\n<iframe loading=\"lazy\" title=\"Gedebey Ariqiran Kendi Toy.\" width=\"620\" height=\"465\" src=\"https:\/\/www.youtube.com\/embed\/eMfdbN39ktE?feature=oembed\" frameborder=\"0\" allow=\"accelerometer; autoplay; clipboard-write; encrypted-media; gyroscope; picture-in-picture; web-share\" referrerpolicy=\"strict-origin-when-cross-origin\" allowfullscreen><\/iframe>\n<\/div><\/figure>\n\n\n\n<p class=\"has-text-align-center\"><strong>*****<\/strong><\/p>\n\n\n\n<p>An Azerbaijani Wedding in Russia<br>Az\u0259rbaycan toyu Russiyada, A\u015f\u0131q \u015eahbaz, Ariz Faxral\u0131, T\u0259briz Camalo\u011flu<br>Ba\u015f saritel havasi<\/p>\n\n\n\n<figure class=\"wp-block-embed is-type-video is-provider-youtube wp-block-embed-youtube wp-embed-aspect-16-9 wp-has-aspect-ratio\"><div class=\"wp-block-embed__wrapper\">\n<iframe loading=\"lazy\" title=\"Az\u0259rbaycan toyu Russiyada,A\u015f\u0131q \u015eahbaz, Ariz Faxral\u0131,T\u0259briz Camalo\u011flu, Ba\u015f saritel havasi\" width=\"620\" height=\"349\" src=\"https:\/\/www.youtube.com\/embed\/rBuTUWAaV_E?feature=oembed\" frameborder=\"0\" allow=\"accelerometer; autoplay; clipboard-write; encrypted-media; gyroscope; picture-in-picture; web-share\" referrerpolicy=\"strict-origin-when-cross-origin\" allowfullscreen><\/iframe>\n<\/div><\/figure>\n\n\n\n<p class=\"has-text-align-center\"><br><strong>*****<\/strong><\/p>\n\n\n\n<p><\/p>\n\n\n\n<figure class=\"wp-block-embed is-type-video is-provider-youtube wp-block-embed-youtube wp-embed-aspect-4-3 wp-has-aspect-ratio\"><div class=\"wp-block-embed__wrapper\">\n<iframe loading=\"lazy\" title=\"A\u015f\u0131q M\u0259m\u0259d f\u0259rzan\u0259\" width=\"620\" height=\"465\" src=\"https:\/\/www.youtube.com\/embed\/GDL-0noDbIA?feature=oembed\" frameborder=\"0\" allow=\"accelerometer; autoplay; clipboard-write; encrypted-media; gyroscope; picture-in-picture; web-share\" referrerpolicy=\"strict-origin-when-cross-origin\" allowfullscreen><\/iframe>\n<\/div><\/figure>\n\n\n\n<p><\/p>\n\n\n\n<p class=\"has-text-align-center\"><strong>*****<\/strong><\/p>\n\n\n\n<figure class=\"wp-block-embed is-type-video is-provider-youtube wp-block-embed-youtube wp-embed-aspect-4-3 wp-has-aspect-ratio\"><div class=\"wp-block-embed__wrapper\">\n<iframe loading=\"lazy\" title=\"\u06af\u0648\u0632\u0644 \u0628\u06cc\u06a9 \u062a\u0648\u06cc\u0648\u0646 \u0645\u0628\u0627\u0631\u06a9 \u0627\u0648\u0644\u0633\u0648\u0646 \u060c \u0639\u0627\u0634\u06cc\u0642 \u0645\u0645\u062f.\" width=\"620\" height=\"465\" src=\"https:\/\/www.youtube.com\/embed\/rG-NPD2094w?start=119&#038;feature=oembed\" frameborder=\"0\" allow=\"accelerometer; autoplay; clipboard-write; encrypted-media; gyroscope; picture-in-picture; web-share\" referrerpolicy=\"strict-origin-when-cross-origin\" allowfullscreen><\/iframe>\n<\/div><figcaption><br><br><br><br>*****<\/figcaption><\/figure>\n\n\n\n<p><\/p>\n","protected":false},"excerpt":{"rendered":"<p>***** Asiq Kamandar Mirzecani (Xan\u00e7oban\u0131) &#8211; 1997 ***** Ashiq Qurbani Dastani ***** ***** ***** An Azerbaijani Wedding in RussiaAz\u0259rbaycan toyu Russiyada, A\u015f\u0131q \u015eahbaz, Ariz Faxral\u0131, T\u0259briz Camalo\u011fluBa\u015f saritel havasi ***** *****<\/p>\n","protected":false},"author":1,"featured_media":0,"parent":0,"menu_order":0,"comment_status":"closed","ping_status":"closed","template":"","meta":{"footnotes":""},"class_list":["post-315","page","type-page","status-publish","hentry"],"_links":{"self":[{"href":"https:\/\/museum-inside-out.com\/index.php\/wp-json\/wp\/v2\/pages\/315","targetHints":{"allow":["GET"]}}],"collection":[{"href":"https:\/\/museum-inside-out.com\/index.php\/wp-json\/wp\/v2\/pages"}],"about":[{"href":"https:\/\/museum-inside-out.com\/index.php\/wp-json\/wp\/v2\/types\/page"}],"author":[{"embeddable":true,"href":"https:\/\/museum-inside-out.com\/index.php\/wp-json\/wp\/v2\/users\/1"}],"replies":[{"embeddable":true,"href":"https:\/\/museum-inside-out.com\/index.php\/wp-json\/wp\/v2\/comments?post=315"}],"version-history":[{"count":12,"href":"https:\/\/museum-inside-out.com\/index.php\/wp-json\/wp\/v2\/pages\/315\/revisions"}],"predecessor-version":[{"id":440,"href":"https:\/\/museum-inside-out.com\/index.php\/wp-json\/wp\/v2\/pages\/315\/revisions\/440"}],"wp:attachment":[{"href":"https:\/\/museum-inside-out.com\/index.php\/wp-json\/wp\/v2\/media?parent=315"}],"curies":[{"name":"wp","href":"https:\/\/api.w.org\/{rel}","templated":true}]}}