{"id":333,"date":"2021-01-11T22:18:22","date_gmt":"2021-01-11T22:18:22","guid":{"rendered":"http:\/\/museum-inside-out.com\/?page_id=333"},"modified":"2021-01-30T21:17:34","modified_gmt":"2021-01-30T21:17:34","slug":"ashiq-qubani","status":"publish","type":"page","link":"https:\/\/museum-inside-out.com\/index.php\/ashiq-qubani\/","title":{"rendered":"Ashiq Qubani"},"content":{"rendered":"<p style=\"text-align: center;\"><strong>*****<\/strong><img loading=\"lazy\" decoding=\"async\" class=\"size-medium wp-image-339 aligncenter\" src=\"http:\/\/museum-inside-out.com\/wp-content\/uploads\/2021\/01\/Qurbani-203x300.png\" alt=\"\" width=\"203\" height=\"300\" srcset=\"https:\/\/museum-inside-out.com\/wp-content\/uploads\/2021\/01\/Qurbani-203x300.png 203w, https:\/\/museum-inside-out.com\/wp-content\/uploads\/2021\/01\/Qurbani.png 271w\" sizes=\"auto, (max-width: 203px) 100vw, 203px\" \/><\/p>\n<p>\u00a0<\/p>\n<p style=\"text-align: center;\"><strong>*****<\/strong><\/p>\n<p>\u00a0<\/p>\n<p><iframe loading=\"lazy\" title=\"Qurbani. Xan Kamandar.\" width=\"620\" height=\"465\" src=\"https:\/\/www.youtube.com\/embed\/5WcthzRU_q4?feature=oembed\" frameborder=\"0\" allow=\"accelerometer; autoplay; clipboard-write; encrypted-media; gyroscope; picture-in-picture; web-share\" referrerpolicy=\"strict-origin-when-cross-origin\" allowfullscreen><\/iframe><\/p>\n<p>\u00a0<\/p>\n<p style=\"text-align: center;\">*****<\/p>\n\n\n<p>Qurbani dastani &#8211; a\u015f\u0131q \u0130mran &#8211; I hiss\u0259<\/p>\n\n\n\n<figure class=\"wp-block-embed is-type-video is-provider-youtube wp-block-embed-youtube wp-embed-aspect-4-3 wp-has-aspect-ratio\"><div class=\"wp-block-embed__wrapper\">\n<iframe loading=\"lazy\" title=\"Qurbani dastani  - a\u015f\u0131q \u0130mran - I hiss\u0259\" width=\"620\" height=\"465\" src=\"https:\/\/www.youtube.com\/embed\/IIhz22u98DM?feature=oembed\" frameborder=\"0\" allow=\"accelerometer; autoplay; clipboard-write; encrypted-media; gyroscope; picture-in-picture; web-share\" referrerpolicy=\"strict-origin-when-cross-origin\" allowfullscreen><\/iframe>\n<\/div><\/figure>\n\n\n\n<p>Qurbani dastani &#8211; a\u015f\u0131q \u0130mran &#8211; II hiss\u0259<\/p>\n\n\n\n<figure class=\"wp-block-embed is-type-video is-provider-youtube wp-block-embed-youtube wp-embed-aspect-4-3 wp-has-aspect-ratio\"><div class=\"wp-block-embed__wrapper\">\n<iframe loading=\"lazy\" title=\"Qurbani dastani  - a\u015f\u0131q \u0130mran - II hiss\u0259\" width=\"620\" height=\"465\" src=\"https:\/\/www.youtube.com\/embed\/F6Lz-s-G4Go?feature=oembed\" frameborder=\"0\" allow=\"accelerometer; autoplay; clipboard-write; encrypted-media; gyroscope; picture-in-picture; web-share\" referrerpolicy=\"strict-origin-when-cross-origin\" allowfullscreen><\/iframe>\n<\/div><\/figure>\n\n\n\n<p><\/p>\n\n\n\n<p class=\"has-text-align-center\"><strong>*****<\/strong><\/p>\n\n\n\n<figure class=\"wp-block-embed is-type-video is-provider-youtube wp-block-embed-youtube wp-embed-aspect-4-3 wp-has-aspect-ratio\"><div class=\"wp-block-embed__wrapper\">\n<iframe loading=\"lazy\" title=\"\u015eAH \u0130SMA\u0130L V\u018f D\u018fD\u018f QURBAN\u0130\" width=\"620\" height=\"465\" src=\"https:\/\/www.youtube.com\/embed\/9i7x8CnO72M?start=7&#038;feature=oembed\" frameborder=\"0\" allow=\"accelerometer; autoplay; clipboard-write; encrypted-media; gyroscope; picture-in-picture; web-share\" referrerpolicy=\"strict-origin-when-cross-origin\" allowfullscreen><\/iframe>\n<\/div><\/figure>\n\n\n\n<p class=\"has-text-align-center\"><strong>*****<\/strong><\/p>\n","protected":false},"excerpt":{"rendered":"<p>***** \u00a0 ***** \u00a0 \u00a0 ***** Qurbani dastani &#8211; a\u015f\u0131q \u0130mran &#8211; I hiss\u0259 Qurbani dastani &#8211; a\u015f\u0131q \u0130mran &#8211; II hiss\u0259 ***** *****<\/p>\n","protected":false},"author":1,"featured_media":0,"parent":0,"menu_order":0,"comment_status":"closed","ping_status":"closed","template":"","meta":{"footnotes":""},"class_list":["post-333","page","type-page","status-publish","hentry"],"_links":{"self":[{"href":"https:\/\/museum-inside-out.com\/index.php\/wp-json\/wp\/v2\/pages\/333","targetHints":{"allow":["GET"]}}],"collection":[{"href":"https:\/\/museum-inside-out.com\/index.php\/wp-json\/wp\/v2\/pages"}],"about":[{"href":"https:\/\/museum-inside-out.com\/index.php\/wp-json\/wp\/v2\/types\/page"}],"author":[{"embeddable":true,"href":"https:\/\/museum-inside-out.com\/index.php\/wp-json\/wp\/v2\/users\/1"}],"replies":[{"embeddable":true,"href":"https:\/\/museum-inside-out.com\/index.php\/wp-json\/wp\/v2\/comments?post=333"}],"version-history":[{"count":7,"href":"https:\/\/museum-inside-out.com\/index.php\/wp-json\/wp\/v2\/pages\/333\/revisions"}],"predecessor-version":[{"id":437,"href":"https:\/\/museum-inside-out.com\/index.php\/wp-json\/wp\/v2\/pages\/333\/revisions\/437"}],"wp:attachment":[{"href":"https:\/\/museum-inside-out.com\/index.php\/wp-json\/wp\/v2\/media?parent=333"}],"curies":[{"name":"wp","href":"https:\/\/api.w.org\/{rel}","templated":true}]}}