{"id":422,"date":"2021-01-25T14:43:06","date_gmt":"2021-01-25T14:43:06","guid":{"rendered":"http:\/\/museum-inside-out.com\/?page_id=422"},"modified":"2021-01-25T16:44:36","modified_gmt":"2021-01-25T16:44:36","slug":"qarapapaq","status":"publish","type":"page","link":"https:\/\/museum-inside-out.com\/index.php\/qarapapaq\/","title":{"rendered":"Qarapapaq"},"content":{"rendered":"\n<p><\/p>\n\n\n\n<p class=\"has-text-align-center\"><strong>*****<\/strong><\/p>\n\n\n\n<figure class=\"wp-block-embed is-type-video is-provider-youtube wp-block-embed-youtube wp-embed-aspect-16-9 wp-has-aspect-ratio\"><div class=\"wp-block-embed__wrapper\">\n<iframe loading=\"lazy\" title=\"A\u015eIK NARG\u0130LE KARAPAPAK T\u00dcRKLER\u0130 HEYET\u0130N\u0130 B\u00dcY\u00dcLED\u0130\" width=\"620\" height=\"349\" src=\"https:\/\/www.youtube.com\/embed\/-Pbxkd87DOA?feature=oembed\" frameborder=\"0\" allow=\"accelerometer; autoplay; clipboard-write; encrypted-media; gyroscope; picture-in-picture; web-share\" referrerpolicy=\"strict-origin-when-cross-origin\" allowfullscreen><\/iframe>\n<\/div><\/figure>\n\n\n\n\n\n<p class=\"has-text-align-center\"><strong>*****<\/strong><\/p>\n\n\n\n<figure class=\"wp-block-embed is-type-video is-provider-youtube wp-block-embed-youtube wp-embed-aspect-4-3 wp-has-aspect-ratio\"><div class=\"wp-block-embed__wrapper\">\n<iframe loading=\"lazy\" title=\"Karapapak Qarapapax Qarapapaq  \u041a\u0430\u0440\u0430\u043f\u0430\u043f\u0430\u0445\u0438 Terekeme \/ Turkmens\" width=\"620\" height=\"465\" src=\"https:\/\/www.youtube.com\/embed\/8j4j83ui5ZE?feature=oembed\" frameborder=\"0\" allow=\"accelerometer; autoplay; clipboard-write; encrypted-media; gyroscope; picture-in-picture; web-share\" referrerpolicy=\"strict-origin-when-cross-origin\" allowfullscreen><\/iframe>\n<\/div><\/figure>\n\n\n\n<p><\/p>\n\n\n\n<p class=\"has-text-align-center\"><strong>*****<\/strong><br><br> <\/p>\n\n\n<p><iframe loading=\"lazy\" title=\"A\u015f\u0131q Solmaz Kosayeva - Ay Qarapapaq\" width=\"620\" height=\"465\" src=\"https:\/\/www.youtube.com\/embed\/LekZ-uYU4K8?feature=oembed\" frameborder=\"0\" allow=\"accelerometer; autoplay; clipboard-write; encrypted-media; gyroscope; picture-in-picture; web-share\" referrerpolicy=\"strict-origin-when-cross-origin\" allowfullscreen><\/iframe><\/p>\n\n\n<p><\/p>\n\n\n\n<p class=\"has-text-align-center\"><strong>*****<\/strong><\/p>\n\n\n","protected":false},"excerpt":{"rendered":"<p>***** ***** ***** *****<\/p>\n","protected":false},"author":1,"featured_media":0,"parent":0,"menu_order":0,"comment_status":"closed","ping_status":"closed","template":"","meta":{"footnotes":""},"class_list":["post-422","page","type-page","status-publish","hentry"],"_links":{"self":[{"href":"https:\/\/museum-inside-out.com\/index.php\/wp-json\/wp\/v2\/pages\/422","targetHints":{"allow":["GET"]}}],"collection":[{"href":"https:\/\/museum-inside-out.com\/index.php\/wp-json\/wp\/v2\/pages"}],"about":[{"href":"https:\/\/museum-inside-out.com\/index.php\/wp-json\/wp\/v2\/types\/page"}],"author":[{"embeddable":true,"href":"https:\/\/museum-inside-out.com\/index.php\/wp-json\/wp\/v2\/users\/1"}],"replies":[{"embeddable":true,"href":"https:\/\/museum-inside-out.com\/index.php\/wp-json\/wp\/v2\/comments?post=422"}],"version-history":[{"count":6,"href":"https:\/\/museum-inside-out.com\/index.php\/wp-json\/wp\/v2\/pages\/422\/revisions"}],"predecessor-version":[{"id":429,"href":"https:\/\/museum-inside-out.com\/index.php\/wp-json\/wp\/v2\/pages\/422\/revisions\/429"}],"wp:attachment":[{"href":"https:\/\/museum-inside-out.com\/index.php\/wp-json\/wp\/v2\/media?parent=422"}],"curies":[{"name":"wp","href":"https:\/\/api.w.org\/{rel}","templated":true}]}}