{"id":445,"date":"2021-04-05T14:07:12","date_gmt":"2021-04-05T14:07:12","guid":{"rendered":"https:\/\/museum-inside-out.com\/?page_id=445"},"modified":"2021-04-05T14:07:12","modified_gmt":"2021-04-05T14:07:12","slug":"theory-and-method","status":"publish","type":"page","link":"https:\/\/museum-inside-out.com\/index.php\/theory-and-method\/","title":{"rendered":"Theory and Method"},"content":{"rendered":"\n<figure class=\"wp-block-embed is-type-video is-provider-youtube wp-block-embed-youtube wp-embed-aspect-16-9 wp-has-aspect-ratio\"><div class=\"wp-block-embed__wrapper\">\n<iframe loading=\"lazy\" title=\"WEBINAR 4&#039;de 4 \/MARTIN STOKES - Etnom\u00fczikoloji Derne\u011fi 4. Kurulu\u015f Y\u0131ld\u00f6n\u00fcm\u00fc\" width=\"620\" height=\"349\" src=\"https:\/\/www.youtube.com\/embed\/QciN4pb7nHw?start=5374&#038;feature=oembed\" frameborder=\"0\" allow=\"accelerometer; autoplay; clipboard-write; encrypted-media; gyroscope; picture-in-picture; web-share\" referrerpolicy=\"strict-origin-when-cross-origin\" allowfullscreen><\/iframe>\n<\/div><\/figure>\n","protected":false},"excerpt":{"rendered":"","protected":false},"author":1,"featured_media":0,"parent":0,"menu_order":0,"comment_status":"closed","ping_status":"closed","template":"","meta":{"footnotes":""},"class_list":["post-445","page","type-page","status-publish","hentry"],"_links":{"self":[{"href":"https:\/\/museum-inside-out.com\/index.php\/wp-json\/wp\/v2\/pages\/445","targetHints":{"allow":["GET"]}}],"collection":[{"href":"https:\/\/museum-inside-out.com\/index.php\/wp-json\/wp\/v2\/pages"}],"about":[{"href":"https:\/\/museum-inside-out.com\/index.php\/wp-json\/wp\/v2\/types\/page"}],"author":[{"embeddable":true,"href":"https:\/\/museum-inside-out.com\/index.php\/wp-json\/wp\/v2\/users\/1"}],"replies":[{"embeddable":true,"href":"https:\/\/museum-inside-out.com\/index.php\/wp-json\/wp\/v2\/comments?post=445"}],"version-history":[{"count":1,"href":"https:\/\/museum-inside-out.com\/index.php\/wp-json\/wp\/v2\/pages\/445\/revisions"}],"predecessor-version":[{"id":446,"href":"https:\/\/museum-inside-out.com\/index.php\/wp-json\/wp\/v2\/pages\/445\/revisions\/446"}],"wp:attachment":[{"href":"https:\/\/museum-inside-out.com\/index.php\/wp-json\/wp\/v2\/media?parent=445"}],"curies":[{"name":"wp","href":"https:\/\/api.w.org\/{rel}","templated":true}]}}